{"id":339,"date":"2025-06-20T13:04:23","date_gmt":"2025-06-20T16:04:23","guid":{"rendered":"https:\/\/vellozopereira.com.br\/wordpress\/?page_id=339"},"modified":"2025-06-20T13:22:13","modified_gmt":"2025-06-20T16:22:13","slug":"direito-de-familia","status":"publish","type":"page","link":"https:\/\/vellozopereira.com.br\/?page_id=339","title":{"rendered":"Direito de Fam\u00edlia"},"content":{"rendered":"<h3 data-start=\"335\" data-end=\"361\"><strong data-start=\"339\" data-end=\"361\">Direito de Fam\u00edlia<\/strong><\/h3>\n<p data-start=\"363\" data-end=\"432\"><strong data-start=\"363\" data-end=\"432\">Cuidando dos seus direitos com sensibilidade, \u00e9tica e efici\u00eancia.<\/strong><\/p>\n<p data-start=\"434\" data-end=\"598\">No <strong data-start=\"437\" data-end=\"478\">Vellozo Pereira | Advocacia Integrada<\/strong>, sabemos que as quest\u00f5es familiares exigem n\u00e3o s\u00f3 conhecimento jur\u00eddico, mas tamb\u00e9m empatia e cuidado com cada detalhe.<\/p>\n<p data-start=\"600\" data-end=\"746\">Acompanhamos de perto nossos clientes, oferecendo suporte em momentos delicados e garantindo a defesa de seus direitos com total responsabilidade.<\/p>\n<hr data-start=\"748\" data-end=\"751\" \/>\n<h3 data-start=\"753\" data-end=\"810\">\ud83d\udccc <strong data-start=\"760\" data-end=\"810\">Principais Atendimentos em Direito de Fam\u00edlia:<\/strong><\/h3>\n<p data-start=\"812\" data-end=\"1007\">\u2705 <strong data-start=\"814\" data-end=\"849\">Div\u00f3rcio Consensual e Litigioso<\/strong><br data-start=\"849\" data-end=\"852\" \/>Acompanhamento jur\u00eddico completo para dissolu\u00e7\u00e3o do casamento, buscando solu\u00e7\u00f5es r\u00e1pidas, sempre com foco na prote\u00e7\u00e3o dos interesses das partes envolvidas.<\/p>\n<p data-start=\"1009\" data-end=\"1145\">\u2705 <strong data-start=\"1011\" data-end=\"1049\">Guarda e Regulamenta\u00e7\u00e3o de Visitas<\/strong><br data-start=\"1049\" data-end=\"1052\" \/>Defesa dos direitos dos pais e das crian\u00e7as na defini\u00e7\u00e3o da guarda e nos termos de visita\u00e7\u00e3o.<\/p>\n<p data-start=\"1147\" data-end=\"1280\">\u2705 <strong data-start=\"1149\" data-end=\"1171\">Pens\u00e3o Aliment\u00edcia<\/strong><br data-start=\"1171\" data-end=\"1174\" \/>A\u00e7\u00f5es para fixa\u00e7\u00e3o, revis\u00e3o ou execu\u00e7\u00e3o de pens\u00e3o aliment\u00edcia, visando sempre o bem-estar dos dependentes.<\/p>\n<p data-start=\"1282\" data-end=\"1445\">\u2705 <strong data-start=\"1284\" data-end=\"1332\">Reconhecimento e Dissolu\u00e7\u00e3o de Uni\u00e3o Est\u00e1vel<\/strong><br data-start=\"1332\" data-end=\"1335\" \/>Assessoria para formalizar ou encerrar uni\u00f5es est\u00e1veis, com a devida partilha de bens e defini\u00e7\u00e3o de direitos.<\/p>\n<p data-start=\"1447\" data-end=\"1613\">\u2705 <strong data-start=\"1449\" data-end=\"1482\">Invent\u00e1rio e Partilha de Bens<\/strong><br data-start=\"1482\" data-end=\"1485\" \/>Acompanhamento em processos de invent\u00e1rio judicial e extrajudicial, garantindo agilidade e seguran\u00e7a jur\u00eddica para os herdeiros.<\/p>\n<p data-start=\"1615\" data-end=\"1776\">\u2705 <strong data-start=\"1617\" data-end=\"1657\">Ado\u00e7\u00e3o e Investiga\u00e7\u00e3o de Paternidade<\/strong><br data-start=\"1657\" data-end=\"1660\" \/>Auxiliamos em todo o processo de ado\u00e7\u00e3o e tamb\u00e9m em a\u00e7\u00f5es que envolvem reconhecimento ou contesta\u00e7\u00e3o de paternidade.<\/p>\n<hr data-start=\"1778\" data-end=\"1781\" \/>\n<h3 data-start=\"1783\" data-end=\"1833\">\ud83d\udc68\u200d\u2696\ufe0f <strong data-start=\"1793\" data-end=\"1833\">Por que escolher o nosso escrit\u00f3rio?<\/strong><\/h3>\n<p data-start=\"1835\" data-end=\"2004\">\u2714\ufe0f Atendimento humanizado<br data-start=\"1860\" data-end=\"1863\" \/>\u2714\ufe0f Respeito \u00e0 individualidade de cada cliente<br data-start=\"1908\" data-end=\"1911\" \/>\u2714\ufe0f Solu\u00e7\u00f5es r\u00e1pidas e personalizadas<br data-start=\"1947\" data-end=\"1950\" \/>\u2714\ufe0f Total acompanhamento do in\u00edcio ao fim do processo<\/p>\n<hr data-start=\"2006\" data-end=\"2009\" \/>\n<h3 data-start=\"2011\" data-end=\"2078\">\ud83d\udcde <strong data-start=\"2018\" data-end=\"2078\">Fale com um Advogado Especializado em Direito de Fam\u00edlia<\/strong><\/h3>\n<p data-start=\"2080\" data-end=\"2225\">Se voc\u00ea est\u00e1 passando por alguma situa\u00e7\u00e3o que envolve quest\u00f5es familiares e precisa de orienta\u00e7\u00e3o jur\u00eddica, entre em contato conosco agora mesmo.<\/p>\n<p data-start=\"2227\" data-end=\"2310\">\ud83d\udc49 <strong data-start=\"2230\" data-end=\"2243\">WhatsApp:<\/strong> (21) 97619-8681<br data-start=\"2259\" data-end=\"2262\" \/>\ud83d\udc49 <strong data-start=\"2265\" data-end=\"2276\">E-mail:<\/strong> <a class=\"cursor-pointer\" rel=\"noopener\" data-start=\"2277\" data-end=\"2310\">atendimento@vellozopereira.com.br<\/a><\/p>\n<p data-start=\"2312\" data-end=\"2419\"><strong data-start=\"2312\" data-end=\"2419\">Vellozo Pereira | Advocacia Integrada \u2013 Cuidando do que realmente importa: sua fam\u00edlia e seus direitos.<\/strong><\/p>\n","protected":false},"excerpt":{"rendered":"<p>Direito de Fam\u00edlia Cuidando dos seus direitos com sensibilidade, \u00e9tica e efici\u00eancia. No Vellozo Pereira | Advocacia Integrada, sabemos que as quest\u00f5es familiares exigem n\u00e3o s\u00f3 conhecimento jur\u00eddico, mas tamb\u00e9m empatia e cuidado com cada detalhe. Acompanhamos de perto nossos clientes, oferecendo suporte em momentos delicados e garantindo a defesa de seus direitos com total [&hellip;]<\/p>\n","protected":false},"author":1,"featured_media":373,"parent":0,"menu_order":0,"comment_status":"closed","ping_status":"closed","template":"elementor_theme","meta":{"footnotes":""},"class_list":["post-339","page","type-page","status-publish","has-post-thumbnail","hentry"],"_links":{"self":[{"href":"https:\/\/vellozopereira.com.br\/index.php?rest_route=\/wp\/v2\/pages\/339","targetHints":{"allow":["GET"]}}],"collection":[{"href":"https:\/\/vellozopereira.com.br\/index.php?rest_route=\/wp\/v2\/pages"}],"about":[{"href":"https:\/\/vellozopereira.com.br\/index.php?rest_route=\/wp\/v2\/types\/page"}],"author":[{"embeddable":true,"href":"https:\/\/vellozopereira.com.br\/index.php?rest_route=\/wp\/v2\/users\/1"}],"replies":[{"embeddable":true,"href":"https:\/\/vellozopereira.com.br\/index.php?rest_route=%2Fwp%2Fv2%2Fcomments&post=339"}],"version-history":[{"count":5,"href":"https:\/\/vellozopereira.com.br\/index.php?rest_route=\/wp\/v2\/pages\/339\/revisions"}],"predecessor-version":[{"id":345,"href":"https:\/\/vellozopereira.com.br\/index.php?rest_route=\/wp\/v2\/pages\/339\/revisions\/345"}],"wp:featuredmedia":[{"embeddable":true,"href":"https:\/\/vellozopereira.com.br\/index.php?rest_route=\/wp\/v2\/media\/373"}],"wp:attachment":[{"href":"https:\/\/vellozopereira.com.br\/index.php?rest_route=%2Fwp%2Fv2%2Fmedia&parent=339"}],"curies":[{"name":"wp","href":"https:\/\/api.w.org\/{rel}","templated":true}]}}