{"id":346,"date":"2025-06-20T13:12:12","date_gmt":"2025-06-20T16:12:12","guid":{"rendered":"https:\/\/vellozopereira.com.br\/wordpress\/?page_id=346"},"modified":"2025-06-20T13:12:12","modified_gmt":"2025-06-20T16:12:12","slug":"direito-imobiliario","status":"publish","type":"page","link":"https:\/\/vellozopereira.com.br\/?page_id=346","title":{"rendered":"Direito Imobili\u00e1rio"},"content":{"rendered":"<h3 data-start=\"275\" data-end=\"302\"><strong data-start=\"279\" data-end=\"302\">Direito Imobili\u00e1rio<\/strong><\/h3>\n<p data-start=\"304\" data-end=\"368\"><strong data-start=\"304\" data-end=\"368\">Seguran\u00e7a Jur\u00eddica em Cada Negocia\u00e7\u00e3o e Conflito Imobili\u00e1rio<\/strong><\/p>\n<p data-start=\"370\" data-end=\"640\">No <strong data-start=\"373\" data-end=\"414\">Vellozo Pereira | Advocacia Integrada<\/strong>, atuamos com foco na preven\u00e7\u00e3o e resolu\u00e7\u00e3o de conflitos relacionados a im\u00f3veis. Sabemos que quest\u00f5es imobili\u00e1rias envolvem altos investimentos e, por isso, tratamos cada caso com m\u00e1xima aten\u00e7\u00e3o, estrat\u00e9gia e cuidado jur\u00eddico.<\/p>\n<p data-start=\"642\" data-end=\"741\">Garantimos a seguran\u00e7a dos seus direitos em todas as etapas: da negocia\u00e7\u00e3o \u00e0 resolu\u00e7\u00e3o de lit\u00edgios.<\/p>\n<hr data-start=\"743\" data-end=\"746\" \/>\n<h3 data-start=\"748\" data-end=\"806\">\ud83d\udccc <strong data-start=\"755\" data-end=\"806\">Principais Atendimentos em Direito Imobili\u00e1rio:<\/strong><\/h3>\n<p data-start=\"808\" data-end=\"985\">\u2705 <strong data-start=\"810\" data-end=\"860\">An\u00e1lise e Elabora\u00e7\u00e3o de Contratos Imobili\u00e1rios<\/strong><br data-start=\"860\" data-end=\"863\" \/>Compra, venda, loca\u00e7\u00e3o, cess\u00e3o de direitos e outros contratos relacionados a bens im\u00f3veis, com cl\u00e1usulas claras e seguras.<\/p>\n<p data-start=\"987\" data-end=\"1152\">\u2705 <strong data-start=\"989\" data-end=\"1030\">Atraso na Entrega de Im\u00f3vel na Planta<\/strong><br data-start=\"1030\" data-end=\"1033\" \/>Defesa de consumidores que enfrentam atrasos, buscando indeniza\u00e7\u00f5es, rescis\u00f5es contratuais e outras solu\u00e7\u00f5es jur\u00eddicas.<\/p>\n<p data-start=\"1154\" data-end=\"1322\">\u2705 <strong data-start=\"1156\" data-end=\"1189\">Despejos e A\u00e7\u00f5es Possess\u00f3rias<\/strong><br data-start=\"1189\" data-end=\"1192\" \/>Atua\u00e7\u00e3o em processos de reintegra\u00e7\u00e3o de posse, manuten\u00e7\u00e3o de posse e despejos por falta de pagamento ou descumprimento contratual.<\/p>\n<p data-start=\"1324\" data-end=\"1517\">\u2705 <strong data-start=\"1326\" data-end=\"1354\">Regulariza\u00e7\u00e3o de Im\u00f3veis<\/strong><br data-start=\"1354\" data-end=\"1357\" \/>Assessoria completa para regulariza\u00e7\u00e3o de registro, averba\u00e7\u00f5es, usucapi\u00e3o, retifica\u00e7\u00f5es de matr\u00edcula e outros procedimentos junto ao cart\u00f3rio e \u00f3rg\u00e3os p\u00fablicos.<\/p>\n<p data-start=\"1519\" data-end=\"1678\">\u2705 <strong data-start=\"1521\" data-end=\"1547\">Distratos Imobili\u00e1rios<\/strong><br data-start=\"1547\" data-end=\"1550\" \/>Defesa de clientes que desejam a devolu\u00e7\u00e3o de valores pagos, nos casos de desist\u00eancia ou rescis\u00e3o de contrato de compra e venda.<\/p>\n<p data-start=\"1680\" data-end=\"1844\">\u2705 <strong data-start=\"1682\" data-end=\"1727\">Assessoria em Financiamentos Imobili\u00e1rios<\/strong><br data-start=\"1727\" data-end=\"1730\" \/>An\u00e1lise de contratos de financiamento para garantir que o comprador n\u00e3o assuma cl\u00e1usulas abusivas ou prejudiciais.<\/p>\n<hr data-start=\"1846\" data-end=\"1849\" \/>\n<h3 data-start=\"1851\" data-end=\"1901\">\ud83d\udc68\u200d\u2696\ufe0f <strong data-start=\"1861\" data-end=\"1901\">Por que contar com nosso escrit\u00f3rio?<\/strong><\/h3>\n<p data-start=\"1903\" data-end=\"2136\">\u2714\ufe0f Experi\u00eancia pr\u00e1tica em lit\u00edgios imobili\u00e1rios<br data-start=\"1950\" data-end=\"1953\" \/>\u2714\ufe0f Atua\u00e7\u00e3o tanto para compradores quanto para investidores e construtoras<br data-start=\"2026\" data-end=\"2029\" \/>\u2714\ufe0f Solu\u00e7\u00f5es personalizadas de acordo com cada situa\u00e7\u00e3o<br data-start=\"2083\" data-end=\"2086\" \/>\u2714\ufe0f Transpar\u00eancia total em cada etapa do processo<\/p>\n<hr data-start=\"2138\" data-end=\"2141\" \/>\n<h3 data-start=\"2143\" data-end=\"2202\">\ud83d\udcde <strong data-start=\"2150\" data-end=\"2202\">Precisa de orienta\u00e7\u00e3o sobre Direito Imobili\u00e1rio?<\/strong><\/h3>\n<p data-start=\"2204\" data-end=\"2337\">N\u00e3o corra riscos em uma das \u00e1reas mais sens\u00edveis do mercado. Garanta que seus direitos sejam protegidos com uma equipe especializada.<\/p>\n<p data-start=\"2339\" data-end=\"2422\">\ud83d\udc49 <strong data-start=\"2342\" data-end=\"2355\">WhatsApp:<\/strong> (21) 97619-8681<br data-start=\"2371\" data-end=\"2374\" \/>\ud83d\udc49 <strong data-start=\"2377\" data-end=\"2388\">E-mail:<\/strong> <a class=\"cursor-pointer\" rel=\"noopener\" data-start=\"2389\" data-end=\"2422\">atendimento@vellozopereira.com.br<\/a><\/p>\n<p data-start=\"2424\" data-end=\"2509\"><strong data-start=\"2424\" data-end=\"2509\">Vellozo Pereira | Advocacia Integrada \u2013 Seguran\u00e7a jur\u00eddica para o seu patrim\u00f4nio.<\/strong><\/p>\n","protected":false},"excerpt":{"rendered":"<p>Direito Imobili\u00e1rio Seguran\u00e7a Jur\u00eddica em Cada Negocia\u00e7\u00e3o e Conflito Imobili\u00e1rio No Vellozo Pereira | Advocacia Integrada, atuamos com foco na preven\u00e7\u00e3o e resolu\u00e7\u00e3o de conflitos relacionados a im\u00f3veis. Sabemos que quest\u00f5es imobili\u00e1rias envolvem altos investimentos e, por isso, tratamos cada caso com m\u00e1xima aten\u00e7\u00e3o, estrat\u00e9gia e cuidado jur\u00eddico. Garantimos a seguran\u00e7a dos seus direitos em [&hellip;]<\/p>\n","protected":false},"author":1,"featured_media":320,"parent":0,"menu_order":0,"comment_status":"closed","ping_status":"closed","template":"","meta":{"footnotes":""},"class_list":["post-346","page","type-page","status-publish","has-post-thumbnail","hentry"],"_links":{"self":[{"href":"https:\/\/vellozopereira.com.br\/index.php?rest_route=\/wp\/v2\/pages\/346","targetHints":{"allow":["GET"]}}],"collection":[{"href":"https:\/\/vellozopereira.com.br\/index.php?rest_route=\/wp\/v2\/pages"}],"about":[{"href":"https:\/\/vellozopereira.com.br\/index.php?rest_route=\/wp\/v2\/types\/page"}],"author":[{"embeddable":true,"href":"https:\/\/vellozopereira.com.br\/index.php?rest_route=\/wp\/v2\/users\/1"}],"replies":[{"embeddable":true,"href":"https:\/\/vellozopereira.com.br\/index.php?rest_route=%2Fwp%2Fv2%2Fcomments&post=346"}],"version-history":[{"count":1,"href":"https:\/\/vellozopereira.com.br\/index.php?rest_route=\/wp\/v2\/pages\/346\/revisions"}],"predecessor-version":[{"id":347,"href":"https:\/\/vellozopereira.com.br\/index.php?rest_route=\/wp\/v2\/pages\/346\/revisions\/347"}],"wp:featuredmedia":[{"embeddable":true,"href":"https:\/\/vellozopereira.com.br\/index.php?rest_route=\/wp\/v2\/media\/320"}],"wp:attachment":[{"href":"https:\/\/vellozopereira.com.br\/index.php?rest_route=%2Fwp%2Fv2%2Fmedia&parent=346"}],"curies":[{"name":"wp","href":"https:\/\/api.w.org\/{rel}","templated":true}]}}