{"id":348,"date":"2025-06-20T13:13:44","date_gmt":"2025-06-20T16:13:44","guid":{"rendered":"https:\/\/vellozopereira.com.br\/wordpress\/?page_id=348"},"modified":"2025-06-20T13:13:44","modified_gmt":"2025-06-20T16:13:44","slug":"direito-civil","status":"publish","type":"page","link":"https:\/\/vellozopereira.com.br\/?page_id=348","title":{"rendered":"Direito Civil"},"content":{"rendered":"<h3 data-start=\"246\" data-end=\"267\"><strong data-start=\"250\" data-end=\"267\">Direito Civil<\/strong><\/h3>\n<p data-start=\"269\" data-end=\"323\"><strong data-start=\"269\" data-end=\"323\">Defesa dos seus direitos nas rela\u00e7\u00f5es do dia a dia<\/strong><\/p>\n<p data-start=\"325\" data-end=\"478\">O <strong data-start=\"327\" data-end=\"344\">Direito Civil<\/strong> est\u00e1 presente em grande parte das situa\u00e7\u00f5es cotidianas: contratos, indeniza\u00e7\u00f5es, obriga\u00e7\u00f5es, direitos de propriedade, entre outras.<\/p>\n<p data-start=\"480\" data-end=\"641\">No <strong data-start=\"483\" data-end=\"524\">Vellozo Pereira | Advocacia Integrada<\/strong>, atuamos com foco na solu\u00e7\u00e3o de conflitos e na prote\u00e7\u00e3o dos direitos individuais e patrimoniais dos nossos clientes.<\/p>\n<p data-start=\"643\" data-end=\"741\">Cada caso \u00e9 tratado com aten\u00e7\u00e3o aos detalhes, an\u00e1lise t\u00e9cnica e estrat\u00e9gia jur\u00eddica personalizada.<\/p>\n<hr data-start=\"743\" data-end=\"746\" \/>\n<h3 data-start=\"748\" data-end=\"800\">\ud83d\udccc <strong data-start=\"755\" data-end=\"800\">Principais Atendimentos em Direito Civil:<\/strong><\/h3>\n<p data-start=\"802\" data-end=\"968\">\u2705 <strong data-start=\"804\" data-end=\"841\">Elabora\u00e7\u00e3o e Revis\u00e3o de Contratos<\/strong><br data-start=\"841\" data-end=\"844\" \/>Consultoria na cria\u00e7\u00e3o e an\u00e1lise de contratos de presta\u00e7\u00e3o de servi\u00e7os, compra e venda, loca\u00e7\u00e3o e outros neg\u00f3cios jur\u00eddicos.<\/p>\n<p data-start=\"970\" data-end=\"1153\">\u2705 <strong data-start=\"972\" data-end=\"1025\">A\u00e7\u00f5es de Indeniza\u00e7\u00e3o por Danos Materiais e Morais<\/strong><br data-start=\"1025\" data-end=\"1028\" \/>Atua\u00e7\u00e3o em casos que envolvem preju\u00edzos financeiros, acidentes, ofensas, viola\u00e7\u00e3o de direitos de personalidade, entre outros.<\/p>\n<p data-start=\"1155\" data-end=\"1304\">\u2705 <strong data-start=\"1157\" data-end=\"1193\">Cobran\u00e7as e Execu\u00e7\u00f5es de D\u00edvidas<\/strong><br data-start=\"1193\" data-end=\"1196\" \/>Acompanhamento de processos de cobran\u00e7a extrajudicial e judicial, execu\u00e7\u00e3o de t\u00edtulos e defesa em execu\u00e7\u00f5es.<\/p>\n<p data-start=\"1306\" data-end=\"1467\">\u2705 <strong data-start=\"1308\" data-end=\"1334\">Responsabilidade Civil<\/strong><br data-start=\"1334\" data-end=\"1337\" \/>Defesa em casos de responsabiliza\u00e7\u00e3o por atos il\u00edcitos, acidentes, descumprimento contratual ou outros danos causados a terceiros.<\/p>\n<p data-start=\"1469\" data-end=\"1641\">\u2705 <strong data-start=\"1471\" data-end=\"1502\">Defesas em Processos C\u00edveis<\/strong><br data-start=\"1502\" data-end=\"1505\" \/>Atua\u00e7\u00e3o estrat\u00e9gica em lit\u00edgios judiciais envolvendo disputas de contratos, obriga\u00e7\u00f5es, direitos de vizinhan\u00e7a e demais conflitos civis.<\/p>\n<p data-start=\"1643\" data-end=\"1802\">\u2705 <strong data-start=\"1645\" data-end=\"1679\">An\u00e1lises Preventivas de Riscos<\/strong><br data-start=\"1679\" data-end=\"1682\" \/>Consultoria para reduzir a chance de lit\u00edgios futuros, atrav\u00e9s de an\u00e1lise preventiva de contratos e situa\u00e7\u00f5es jur\u00eddicas.<\/p>\n<hr data-start=\"1804\" data-end=\"1807\" \/>\n<h3 data-start=\"1809\" data-end=\"1878\">\ud83d\udc68\u200d\u2696\ufe0f <strong data-start=\"1819\" data-end=\"1878\">Por que escolher a Vellozo Pereira Advocacia Integrada?<\/strong><\/h3>\n<p data-start=\"1880\" data-end=\"2105\">\u2714\ufe0f Atendimento t\u00e9cnico e especializado<br data-start=\"1918\" data-end=\"1921\" \/>\u2714\ufe0f Respostas r\u00e1pidas e acompanhamento de cada etapa do processo<br data-start=\"1984\" data-end=\"1987\" \/>\u2714\ufe0f Foco na resolu\u00e7\u00e3o de conflitos de forma \u00e1gil e eficiente<br data-start=\"2046\" data-end=\"2049\" \/>\u2714\ufe0f Clareza e transpar\u00eancia na condu\u00e7\u00e3o de todas as a\u00e7\u00f5es<\/p>\n<hr data-start=\"2107\" data-end=\"2110\" \/>\n<h3 data-start=\"2112\" data-end=\"2166\">\ud83d\udcde <strong data-start=\"2119\" data-end=\"2166\">Precisa de apoio jur\u00eddico em Direito Civil?<\/strong><\/h3>\n<p data-start=\"2168\" data-end=\"2230\">Conte com uma equipe preparada para proteger os seus direitos.<\/p>\n<p data-start=\"2232\" data-end=\"2315\">\ud83d\udc49 <strong data-start=\"2235\" data-end=\"2248\">WhatsApp:<\/strong> (21) 97619-8681<br data-start=\"2264\" data-end=\"2267\" \/>\ud83d\udc49 <strong data-start=\"2270\" data-end=\"2281\">E-mail:<\/strong> <a class=\"cursor-pointer\" rel=\"noopener\" data-start=\"2282\" data-end=\"2315\">atendimento@vellozopereira.com.br<\/a><\/p>\n<p data-start=\"2317\" data-end=\"2422\"><strong data-start=\"2317\" data-end=\"2422\">Vellozo Pereira | Advocacia Integrada \u2013 Solu\u00e7\u00f5es jur\u00eddicas claras e efetivas para voc\u00ea e sua empresa.<\/strong><\/p>\n","protected":false},"excerpt":{"rendered":"<p>Direito Civil Defesa dos seus direitos nas rela\u00e7\u00f5es do dia a dia O Direito Civil est\u00e1 presente em grande parte das situa\u00e7\u00f5es cotidianas: contratos, indeniza\u00e7\u00f5es, obriga\u00e7\u00f5es, direitos de propriedade, entre outras. No Vellozo Pereira | Advocacia Integrada, atuamos com foco na solu\u00e7\u00e3o de conflitos e na prote\u00e7\u00e3o dos direitos individuais e patrimoniais dos nossos clientes. [&hellip;]<\/p>\n","protected":false},"author":1,"featured_media":349,"parent":0,"menu_order":0,"comment_status":"closed","ping_status":"closed","template":"","meta":{"footnotes":""},"class_list":["post-348","page","type-page","status-publish","has-post-thumbnail","hentry"],"_links":{"self":[{"href":"https:\/\/vellozopereira.com.br\/index.php?rest_route=\/wp\/v2\/pages\/348","targetHints":{"allow":["GET"]}}],"collection":[{"href":"https:\/\/vellozopereira.com.br\/index.php?rest_route=\/wp\/v2\/pages"}],"about":[{"href":"https:\/\/vellozopereira.com.br\/index.php?rest_route=\/wp\/v2\/types\/page"}],"author":[{"embeddable":true,"href":"https:\/\/vellozopereira.com.br\/index.php?rest_route=\/wp\/v2\/users\/1"}],"replies":[{"embeddable":true,"href":"https:\/\/vellozopereira.com.br\/index.php?rest_route=%2Fwp%2Fv2%2Fcomments&post=348"}],"version-history":[{"count":1,"href":"https:\/\/vellozopereira.com.br\/index.php?rest_route=\/wp\/v2\/pages\/348\/revisions"}],"predecessor-version":[{"id":350,"href":"https:\/\/vellozopereira.com.br\/index.php?rest_route=\/wp\/v2\/pages\/348\/revisions\/350"}],"wp:featuredmedia":[{"embeddable":true,"href":"https:\/\/vellozopereira.com.br\/index.php?rest_route=\/wp\/v2\/media\/349"}],"wp:attachment":[{"href":"https:\/\/vellozopereira.com.br\/index.php?rest_route=%2Fwp%2Fv2%2Fmedia&parent=348"}],"curies":[{"name":"wp","href":"https:\/\/api.w.org\/{rel}","templated":true}]}}