{"id":377,"date":"2025-06-20T13:23:32","date_gmt":"2025-06-20T16:23:32","guid":{"rendered":"https:\/\/vellozopereira.com.br\/wordpress\/?page_id=377"},"modified":"2025-06-20T13:23:32","modified_gmt":"2025-06-20T16:23:32","slug":"contencioso-civel","status":"publish","type":"page","link":"https:\/\/vellozopereira.com.br\/?page_id=377","title":{"rendered":"Contencioso C\u00edvel"},"content":{"rendered":"<h3 data-start=\"275\" data-end=\"300\"><strong data-start=\"279\" data-end=\"300\">Contencioso C\u00edvel<\/strong><\/h3>\n<p data-start=\"302\" data-end=\"346\"><strong data-start=\"302\" data-end=\"346\">Defesa estrat\u00e9gica em lit\u00edgios judiciais<\/strong><\/p>\n<p data-start=\"348\" data-end=\"610\">O <strong data-start=\"350\" data-end=\"371\">Contencioso C\u00edvel<\/strong> envolve a representa\u00e7\u00e3o de clientes em processos judiciais relacionados a disputas de natureza civil. No <strong data-start=\"477\" data-end=\"518\">Vellozo Pereira | Advocacia Integrada<\/strong>, atuamos de forma \u00e1gil e estrat\u00e9gica, com foco na solu\u00e7\u00e3o r\u00e1pida e eficiente dos conflitos.<\/p>\n<p data-start=\"612\" data-end=\"760\">Nossa equipe trabalha desde a fase inicial do processo at\u00e9 o seu encerramento, sempre buscando proteger os direitos e interesses de nossos clientes.<\/p>\n<hr data-start=\"762\" data-end=\"765\" \/>\n<h3 data-start=\"767\" data-end=\"823\">\ud83d\udccc <strong data-start=\"774\" data-end=\"823\">Principais Atendimentos em Contencioso C\u00edvel:<\/strong><\/h3>\n<p data-start=\"825\" data-end=\"999\">\u2705 <strong data-start=\"827\" data-end=\"871\">A\u00e7\u00f5es de Cobran\u00e7a e Execu\u00e7\u00f5es de D\u00edvidas<\/strong><br data-start=\"871\" data-end=\"874\" \/>Atuamos tanto na defesa de quem est\u00e1 sendo cobrado quanto na recupera\u00e7\u00e3o de cr\u00e9ditos, garantindo o cumprimento de obriga\u00e7\u00f5es.<\/p>\n<p data-start=\"1001\" data-end=\"1180\">\u2705 <strong data-start=\"1003\" data-end=\"1048\">Indeniza\u00e7\u00f5es por Danos Materiais e Morais<\/strong><br data-start=\"1048\" data-end=\"1051\" \/>Representa\u00e7\u00e3o em a\u00e7\u00f5es que envolvem preju\u00edzos financeiros, acidentes, ofensas e outras situa\u00e7\u00f5es que geram direito \u00e0 indeniza\u00e7\u00e3o.<\/p>\n<p data-start=\"1182\" data-end=\"1339\">\u2705 <strong data-start=\"1184\" data-end=\"1208\">Disputas Contratuais<\/strong><br data-start=\"1208\" data-end=\"1211\" \/>Atua\u00e7\u00e3o em processos que envolvem descumprimento de contratos, interpreta\u00e7\u00e3o de cl\u00e1usulas e resolu\u00e7\u00e3o de conflitos entre partes.<\/p>\n<p data-start=\"1341\" data-end=\"1475\">\u2705 <strong data-start=\"1343\" data-end=\"1369\">Responsabilidade Civil<\/strong><br data-start=\"1369\" data-end=\"1372\" \/>Defesa ou cobran\u00e7a de indeniza\u00e7\u00f5es decorrentes de atos il\u00edcitos, acidentes ou m\u00e1 presta\u00e7\u00e3o de servi\u00e7os.<\/p>\n<p data-start=\"1477\" data-end=\"1657\">\u2705 <strong data-start=\"1479\" data-end=\"1523\">A\u00e7\u00f5es Possess\u00f3rias (Posse e Propriedade)<\/strong><br data-start=\"1523\" data-end=\"1526\" \/>Processos relacionados \u00e0 posse de bens im\u00f3veis, reintegra\u00e7\u00e3o de posse, manuten\u00e7\u00e3o de posse e quest\u00f5es sobre direito de propriedade.<\/p>\n<p data-start=\"1659\" data-end=\"1822\">\u2705 <strong data-start=\"1661\" data-end=\"1712\">Defesas em A\u00e7\u00f5es de Execu\u00e7\u00e3o, Busca e Apreens\u00e3o<\/strong><br data-start=\"1712\" data-end=\"1715\" \/>Atua\u00e7\u00e3o em processos de execu\u00e7\u00e3o de d\u00edvidas, busca e apreens\u00e3o de bens e cumprimento for\u00e7ado de obriga\u00e7\u00f5es.<\/p>\n<hr data-start=\"1824\" data-end=\"1827\" \/>\n<h3 data-start=\"1829\" data-end=\"1880\">\ud83d\udc68\u200d\u2696\ufe0f <strong data-start=\"1839\" data-end=\"1880\">Nossa abordagem no Contencioso C\u00edvel:<\/strong><\/h3>\n<p data-start=\"1882\" data-end=\"2119\">\u2714\ufe0f An\u00e1lise detalhada de cada caso<br data-start=\"1915\" data-end=\"1918\" \/>\u2714\ufe0f Estrat\u00e9gias personalizadas para cada tipo de processo<br data-start=\"1974\" data-end=\"1977\" \/>\u2714\ufe0f Atua\u00e7\u00e3o proativa na negocia\u00e7\u00e3o de acordos quando vi\u00e1vel<br data-start=\"2035\" data-end=\"2038\" \/>\u2714\ufe0f Transpar\u00eancia e informa\u00e7\u00e3o constante ao cliente sobre o andamento processual<\/p>\n<hr data-start=\"2121\" data-end=\"2124\" \/>\n<h3 data-start=\"2126\" data-end=\"2206\">\ud83d\udcde <strong data-start=\"2133\" data-end=\"2206\">Est\u00e1 enfrentando um processo judicial ou precisa entrar com uma a\u00e7\u00e3o?<\/strong><\/h3>\n<p data-start=\"2208\" data-end=\"2300\">Conte com uma equipe experiente e preparada para te representar com seriedade e compet\u00eancia.<\/p>\n<p data-start=\"2302\" data-end=\"2385\">\ud83d\udc49 <strong data-start=\"2305\" data-end=\"2318\">WhatsApp:<\/strong> (21) 97619-8681<br data-start=\"2334\" data-end=\"2337\" \/>\ud83d\udc49 <strong data-start=\"2340\" data-end=\"2351\">E-mail:<\/strong> <a class=\"cursor-pointer\" rel=\"noopener\" data-start=\"2352\" data-end=\"2385\">atendimento@vellozopereira.com.br<\/a><\/p>\n<p data-start=\"2387\" data-end=\"2488\"><strong data-start=\"2387\" data-end=\"2488\">Vellozo Pereira | Advocacia Integrada \u2013 Foco em resultados concretos na defesa dos seus direitos.<\/strong><\/p>\n","protected":false},"excerpt":{"rendered":"<p>Contencioso C\u00edvel Defesa estrat\u00e9gica em lit\u00edgios judiciais O Contencioso C\u00edvel envolve a representa\u00e7\u00e3o de clientes em processos judiciais relacionados a disputas de natureza civil. No Vellozo Pereira | Advocacia Integrada, atuamos de forma \u00e1gil e estrat\u00e9gica, com foco na solu\u00e7\u00e3o r\u00e1pida e eficiente dos conflitos. Nossa equipe trabalha desde a fase inicial do processo at\u00e9 [&hellip;]<\/p>\n","protected":false},"author":1,"featured_media":378,"parent":0,"menu_order":0,"comment_status":"closed","ping_status":"closed","template":"","meta":{"footnotes":""},"class_list":["post-377","page","type-page","status-publish","has-post-thumbnail","hentry"],"_links":{"self":[{"href":"https:\/\/vellozopereira.com.br\/index.php?rest_route=\/wp\/v2\/pages\/377","targetHints":{"allow":["GET"]}}],"collection":[{"href":"https:\/\/vellozopereira.com.br\/index.php?rest_route=\/wp\/v2\/pages"}],"about":[{"href":"https:\/\/vellozopereira.com.br\/index.php?rest_route=\/wp\/v2\/types\/page"}],"author":[{"embeddable":true,"href":"https:\/\/vellozopereira.com.br\/index.php?rest_route=\/wp\/v2\/users\/1"}],"replies":[{"embeddable":true,"href":"https:\/\/vellozopereira.com.br\/index.php?rest_route=%2Fwp%2Fv2%2Fcomments&post=377"}],"version-history":[{"count":1,"href":"https:\/\/vellozopereira.com.br\/index.php?rest_route=\/wp\/v2\/pages\/377\/revisions"}],"predecessor-version":[{"id":379,"href":"https:\/\/vellozopereira.com.br\/index.php?rest_route=\/wp\/v2\/pages\/377\/revisions\/379"}],"wp:featuredmedia":[{"embeddable":true,"href":"https:\/\/vellozopereira.com.br\/index.php?rest_route=\/wp\/v2\/media\/378"}],"wp:attachment":[{"href":"https:\/\/vellozopereira.com.br\/index.php?rest_route=%2Fwp%2Fv2%2Fmedia&parent=377"}],"curies":[{"name":"wp","href":"https:\/\/api.w.org\/{rel}","templated":true}]}}